{"id":11,"date":"2017-02-28T07:53:30","date_gmt":"2017-02-28T07:53:30","guid":{"rendered":"http:\/\/martin-kuettner.de\/?page_id=11"},"modified":"2021-06-27T12:24:40","modified_gmt":"2021-06-27T11:24:40","slug":"ueber-mich","status":"publish","type":"page","link":"https:\/\/martin-kuettner.de\/?page_id=11","title":{"rendered":"\u00dcber mich"},"content":{"rendered":"<p>Mein Name ist Martin und \u2026 nun ja .. das klingt ja fast wie bei Herzblatt \ud83d\ude09<\/p>\n<p>Ich denke mal es ist ausreichend, wenn ich hier \u00fcber mich und das segeln schreibe.<\/p>\n<p>Eigentlich segle ich schon mein ganzes Leben \u2013 mit gr\u00f6\u00dferen Pausen, wenn man das so sagen darf.<\/p>\n<p>Los ging es schon als kleiner Spatz ca. 1985, als mich mein Vater mit in den Firmenbungalow, des VEB Brennstoffinstitutes Freiberg, am Stausee in Bautzen genommen hat. Dazu geh\u00f6rte eine kleine Jolle des Typs EikBoom.<\/p>\n<p><noscript><img decoding=\"async\" class=\"alignnone size-large wp-image-66\" src=\"http:\/\/martin-kuettner.de\/wp-content\/uploads\/2017\/02\/img_7513_-1024x768.jpg\" alt width=\"525\" height=\"394\" srcset=\"https:\/\/martin-kuettner.de\/wp-content\/uploads\/2017\/02\/img_7513_.jpg 1024w, https:\/\/martin-kuettner.de\/wp-content\/uploads\/2017\/02\/img_7513_-300x225.jpg 300w, https:\/\/martin-kuettner.de\/wp-content\/uploads\/2017\/02\/img_7513_-768x576.jpg 768w\" sizes=\"(max-width: 525px) 100vw, 525px\"><\/noscript><img decoding=\"async\" class=\"alignnone size-large wp-image-66 lazyload\" src=\"data:image\/svg+xml,%3Csvg%20xmlns%3D%22http%3A%2F%2Fwww.w3.org%2F2000%2Fsvg%22%20viewBox%3D%220%200%20525%20394%22%3E%3C%2Fsvg%3E\" alt width=\"525\" height=\"394\" srcset=\"data:image\/svg+xml,%3Csvg%20xmlns%3D%22http%3A%2F%2Fwww.w3.org%2F2000%2Fsvg%22%20viewBox%3D%220%200%20525%20394%22%3E%3C%2Fsvg%3E 525w\" sizes=\"(max-width: 525px) 100vw, 525px\" data-srcset=\"https:\/\/martin-kuettner.de\/wp-content\/uploads\/2017\/02\/img_7513_.jpg 1024w, https:\/\/martin-kuettner.de\/wp-content\/uploads\/2017\/02\/img_7513_-300x225.jpg 300w, https:\/\/martin-kuettner.de\/wp-content\/uploads\/2017\/02\/img_7513_-768x576.jpg 768w\" data-src=\"http:\/\/martin-kuettner.de\/wp-content\/uploads\/2017\/02\/img_7513_-1024x768.jpg\"><\/p>\n<p>Leider kann ich mich an diese Zeit nur wenig erinnern, ich wei\u00df aber, da\u00df mich die Bl\u00f6cke und Flaschenz\u00fcge sehr interessiert haben.<\/p>\n<p>Dann passierte lange Zeit nix mit segeln, bis ich \u00fcber unsere junge Gemeinde eine R\u00fcstfahrt auf der Samenwerking im&nbsp;Ijsselmeer entdeckt habe. 14 Tage f\u00fcr 250DM &#8211; ein Traum! Da war ich&nbsp; 15 Jahre alt.<\/p>\n<p><noscript><img decoding=\"async\" class=\"alignnone size-large wp-image-67\" src=\"http:\/\/martin-kuettner.de\/wp-content\/uploads\/2017\/02\/Ships-3-attachment4_samenwerking026-1024x683.jpg\" alt width=\"525\" height=\"350\" srcset=\"https:\/\/martin-kuettner.de\/wp-content\/uploads\/2017\/02\/Ships-3-attachment4_samenwerking026-1024x683.jpg 1024w, https:\/\/martin-kuettner.de\/wp-content\/uploads\/2017\/02\/Ships-3-attachment4_samenwerking026-300x200.jpg 300w, https:\/\/martin-kuettner.de\/wp-content\/uploads\/2017\/02\/Ships-3-attachment4_samenwerking026-768x512.jpg 768w, https:\/\/martin-kuettner.de\/wp-content\/uploads\/2017\/02\/Ships-3-attachment4_samenwerking026.jpg 2048w\" sizes=\"(max-width: 525px) 100vw, 525px\"><\/noscript><img decoding=\"async\" class=\"alignnone size-large wp-image-67 lazyload\" src=\"data:image\/svg+xml,%3Csvg%20xmlns%3D%22http%3A%2F%2Fwww.w3.org%2F2000%2Fsvg%22%20viewBox%3D%220%200%20525%20350%22%3E%3C%2Fsvg%3E\" alt width=\"525\" height=\"350\" srcset=\"data:image\/svg+xml,%3Csvg%20xmlns%3D%22http%3A%2F%2Fwww.w3.org%2F2000%2Fsvg%22%20viewBox%3D%220%200%20525%20350%22%3E%3C%2Fsvg%3E 525w\" sizes=\"(max-width: 525px) 100vw, 525px\" data-srcset=\"https:\/\/martin-kuettner.de\/wp-content\/uploads\/2017\/02\/Ships-3-attachment4_samenwerking026-1024x683.jpg 1024w, https:\/\/martin-kuettner.de\/wp-content\/uploads\/2017\/02\/Ships-3-attachment4_samenwerking026-300x200.jpg 300w, https:\/\/martin-kuettner.de\/wp-content\/uploads\/2017\/02\/Ships-3-attachment4_samenwerking026-768x512.jpg 768w, https:\/\/martin-kuettner.de\/wp-content\/uploads\/2017\/02\/Ships-3-attachment4_samenwerking026.jpg 2048w\" data-src=\"http:\/\/martin-kuettner.de\/wp-content\/uploads\/2017\/02\/Ships-3-attachment4_samenwerking026-1024x683.jpg\"><\/p>\n<p>(Quelle:&nbsp; http:\/\/www.friesevloot.nl)<\/p>\n<p>Dann ging das Leben dahin: Abi, Bund, Studium, Arbeit &#8230; 14 weitere Jahre. Bis eines Tages im Jahre 2007 ein Arbeitskollege mit einem Abriss-Zettel auf der Treppe stand und mich fragte, ob ich Lust h\u00e4tte mit segeln zu gehen.<\/p>\n<p>Ich bin dann mit besagtem Kollegen insgesamt 3 mal als Crew mit gesegelt und habe dann den SBF-Binnen und See, UBI, SRC und den SKS Schein gemacht. Das war im Jahre 2009.<\/p>\n<p>Ab dem Moment habe ich als Chartergast jedes Jahr Schiffe f\u00fcr mehrere Wochen auf der Ostsee und der \u00c4g\u00e4is gemietet. So habe ich auch einiges an Herstellern durch: Hanse, Jeanneau, Bavaria, Beneteau, Pegaz &#8211; von 22 bis 51 Fu\u00df.<\/p>\n<p>2016 habe ich dann meine Karriere als Chartergast an den Nagel geh\u00e4ngt und ein eigenes Schiff gekauft -&gt; eine Dufour 4800&#8230;<\/p>\n","protected":false},"excerpt":{"rendered":"<p>Mein Name ist Martin und \u2026 nun ja .. das klingt ja fast wie bei Herzblatt \ud83d\ude09 Ich denke mal es ist ausreichend, wenn ich hier \u00fcber mich und das segeln schreibe. Eigentlich segle ich schon mein ganzes Leben \u2013 mit gr\u00f6\u00dferen Pausen, wenn man das so sagen darf. Los ging es schon als kleiner &hellip; <\/p>\n<p class=\"link-more\"><a href=\"https:\/\/martin-kuettner.de\/?page_id=11\" class=\"more-link\"><span class=\"screen-reader-text\">\u201e\u00dcber mich\u201c <\/span>weiterlesen<\/a><\/p>\n","protected":false},"author":1,"featured_media":0,"parent":0,"menu_order":0,"comment_status":"closed","ping_status":"closed","template":"","meta":{"footnotes":""},"class_list":["post-11","page","type-page","status-publish","hentry"],"post_mailing_queue_ids":[],"_links":{"self":[{"href":"https:\/\/martin-kuettner.de\/index.php?rest_route=\/wp\/v2\/pages\/11","targetHints":{"allow":["GET"]}}],"collection":[{"href":"https:\/\/martin-kuettner.de\/index.php?rest_route=\/wp\/v2\/pages"}],"about":[{"href":"https:\/\/martin-kuettner.de\/index.php?rest_route=\/wp\/v2\/types\/page"}],"author":[{"embeddable":true,"href":"https:\/\/martin-kuettner.de\/index.php?rest_route=\/wp\/v2\/users\/1"}],"replies":[{"embeddable":true,"href":"https:\/\/martin-kuettner.de\/index.php?rest_route=%2Fwp%2Fv2%2Fcomments&post=11"}],"version-history":[{"count":11,"href":"https:\/\/martin-kuettner.de\/index.php?rest_route=\/wp\/v2\/pages\/11\/revisions"}],"predecessor-version":[{"id":5405,"href":"https:\/\/martin-kuettner.de\/index.php?rest_route=\/wp\/v2\/pages\/11\/revisions\/5405"}],"wp:attachment":[{"href":"https:\/\/martin-kuettner.de\/index.php?rest_route=%2Fwp%2Fv2%2Fmedia&parent=11"}],"curies":[{"name":"wp","href":"https:\/\/api.w.org\/{rel}","templated":true}]}}